{"id":3776,"date":"2024-11-01T17:20:31","date_gmt":"2024-11-01T20:20:31","guid":{"rendered":"https:\/\/cursoderunas.com.br\/BLOG\/?page_id=3776"},"modified":"2025-04-13T14:58:51","modified_gmt":"2025-04-13T17:58:51","slug":"sobre","status":"publish","type":"page","link":"https:\/\/cursoderunas.com.br\/BLOG\/sobre\/","title":{"rendered":"Carta Aberta"},"content":{"rendered":"<p>Oi, eu sou a Ana. E quando iniciei este projeto, eu estava em outra fase da minha vida. Estava muito envolvida com estes temas e todo o meu trabalho, bem como a minha vida pessoal, giravam de alguma forma em torno disso.<\/p>\n<p>Mas hoje n\u00e3o \u00e9 mais assim. Porque passei tantos anos ensinando sobre runas que, se antes eu achava que sabia muita coisa, na pr\u00e1tica, eu ensinei bastante mas aprendi muito mais.<\/p>\n<p>E continuo aprendendo todo santo dia.<\/p>\n<p>Eu sinto que n\u00e3o sei absolutamente nada, mas, pelo menos uma coisa eu entendi: assim como a natureza e o universo est\u00e3o em constante transforma\u00e7\u00e3o, n\u00f3s tamb\u00e9m estamos. A mudan\u00e7a \u00e9 natural. E hoje, em 2024, enquanto escrevo estas palavras, n\u00e3o sou mais a mesma pessoa que criou este projeto e ao mesmo tempo tamb\u00e9m sou essa pessoa.<\/p>\n<p>S\u00f3 que no in\u00edcio, eu via as coisas de forma diferente e minhas prioridades eram outras, bem como minha vis\u00e3o de mundo (em v\u00e1rios aspectos). Sendo assim, todo o meu conte\u00fado sobre runas ainda \u00e9 o mesmo, o conhecimento \u00e9 o mesmo e nada mudou. Na verdade quem mudou fui eu e, consequentemente, TUDO MUDOU.<\/p>\n<p>E com estas mudan\u00e7as esse projeto com as runas que era o meu &#8220;projeto da vida&#8221;, se tornou apenas &#8220;um dos meus projetos de vida&#8221;. Percebe a diferen\u00e7a? Pois \u00e9&#8230; neste momento estou me dedicando a outras coisas.<\/p>\n<p>Por conta disso, mantenho esses conte\u00fados publicados para aqueles que se interessam, mas n\u00e3o fa\u00e7o mais atualiza\u00e7\u00f5es neste site (ou sobre este tema de forma geral). Pelo mesmo motivo, tamb\u00e9m n\u00e3o dou mais suporte \u00e0 alunos novos do curso (apenas ofere\u00e7o o conte\u00fado, que \u00e9 bem extenso, a um valor acess\u00edvel).<\/p>\n<h2>Sobre Este Blog e o Curso de Runas<\/h2>\n<p>O objetivo aqui \u00e9 trazer para voc\u00ea conhecimento sobre o assunto de forma clara e sem tantas lacunas, como normalmente vemos por ai &#8211; cada autor falando uma coisa e muitas vezes atribuindo caracter\u00edsticas \u00e0 runas e a magia n\u00f3rdica que n\u00e3o s\u00e3o origin\u00e1rias desta cultura.<\/p>\n<p>E antes que voc\u00ea ache que isso \u00e9 uma cr\u00edtica, na pr\u00e1tica, essas &#8220;misturas&#8221; n\u00e3o me incomodam em nada. Ao contr\u00e1rio, muitas pr\u00e1ticas que n\u00e3o s\u00e3o tradicionais e foram desenvolvidas com o tempo, s\u00f3 vieram a agregar e eu apoio!<\/p>\n<p>Mas, na minha opini\u00e3o, \u00e9 importante voc\u00ea saber diferenciar o que \u00e9 o que &#8211; o que era feito l\u00e1 atr\u00e1s e o que n\u00e3o era &#8211; at\u00e9 como forma de respeito a este conhecimento ancestral.<\/p>\n<p>Pensando nisso, eu optei por abordar as formas &#8220;tradicionais&#8221; e &#8220;contempor\u00e2neas&#8221; de usar as runas, deixando bem claro o que \u00e9 cada coisa e trazendo a possibilidade do aprendiz questionar e tirar suas pr\u00f3prias conclus\u00f5es.<\/p>\n<p>Assim voc\u00ea tem acesso \u00e0s diferentes pr\u00e1ticas que foram desenvolvidas ao longo dos anos por diferentes ocultistas e espiritualistas, bem como \u00e0s pr\u00e1ticas e cren\u00e7as de raiz. Podendo assim, escolher de que forma ir\u00e1 utilizar as runas.<\/p>\n<p>E este blog \u00e9 uma degusta\u00e7\u00e3o referente ao que voc\u00ea ir\u00e1 encontrar no meu curso.<\/p>\n<p>T\u00e1, mas quem sou eu na fila do p\u00e3o?<\/p>\n<h2>Prazer, eu sou a Ana<\/h2>\n<p>Iniciei meus estudos sobre magia e espiritualidade em 97 e meus estudos sobre runas a pelo menos 15 anos. Profissionalmente falando, minhas primeiras leituras &#8220;pagas&#8221; como oraculista profissional come\u00e7aram por volta de 2012, mas eu j\u00e1 fazia leituras para amigos e conhecidos a mais tempo.<\/p>\n<p>De l\u00e1 pra c\u00e1, dei cursos presenciais (antes de iniciar o curso online) quando morava em S\u00e3o Paulo. Realizei palestras e workshops em v\u00e1rios espa\u00e7os esot\u00e9ricos e eventos m\u00edsticos e medievais, bem como, atuei como facilitadora em um grupo de sagrado feminino.<\/p>\n<p>Em 2017, ap\u00f3s mudar de cidade, descobri o potencial online que me possibilitou alcan\u00e7ar pessoas de v\u00e1rias partes do pa\u00eds e do mundo, tanto atrav\u00e9s dos atendimentos quanto do curso, o que acabou por expandir o meu trabalho.<\/p>\n<p>At\u00e9 que, mesmo sendo vista como uma refer\u00eancia por muitas pessoas, comecei a me sentir cada vez mais desconectada desta egr\u00e9gora. E cada vez mais ficava claro pra mim que algo estava errado, porque eu n\u00e3o estava feliz.<\/p>\n<p>Me retirei ent\u00e3o das redes sociais por 2 anos, vivendo como uma eremita, tentando entender a mim mesma e me encontrar. E foi quando entendi que eu gosto muito de me comunicar e de criar coisas e que eu realmente quero muito voltar a criar conte\u00fado. Mas, eu preciso de liberdade para falar sobre coisas diferentes e isto \u00e9 algo que eu n\u00e3o estava conseguindo fazer no meu canal do YouTube ou por qualquer outro meio. Sempre que eu tentava trazer outros temas parecia que nada era aceito, o meu p\u00fablico sempre pedia s\u00f3 pelas runas e eu sentia que aquilo me limitava.<\/p>\n<p>E isso \u00e9 um dos motivos que me deixava t\u00e3o infeliz.<\/p>\n<p>Enfim, agora estou retomando minhas atividades na internet mas preciso explorar coisas novas. E falar sobre runas n\u00e3o tem espa\u00e7o mais na minha vida, pois n\u00e3o est\u00e1 alinhado com o que a minha ess\u00eancia busca hoje.<\/p>\n<p>Sou imensamente grata pelo reconhecimento que tive enquanto fazia este trabalho e me sinto lisonjeada pela confian\u00e7a que tantas pessoas depositaram em mim. E caso voc\u00ea esteja chegando agora, espero que aprecie o que eu fiz neste blog, mas o mesmo n\u00e3o receber\u00e1 mais atualiza\u00e7\u00f5es.<\/p>\n<p>Com amor e confian\u00e7a, Ana Freyja.<\/p>\n","protected":false},"excerpt":{"rendered":"<p>Oi, eu sou a Ana. E quando iniciei este projeto, eu estava em outra fase da minha vida. Estava muito<\/p>\n<p><a href=\"https:\/\/cursoderunas.com.br\/BLOG\/sobre\/\" class=\"more-link\">Continue reading<span class=\"screen-reader-text\">Carta Aberta<\/span><\/a><\/p>\n","protected":false},"author":1,"featured_media":0,"parent":0,"menu_order":0,"comment_status":"open","ping_status":"closed","template":"","meta":{"footnotes":""},"class_list":["post-3776","page","type-page","status-publish","hentry"],"_links":{"self":[{"href":"https:\/\/cursoderunas.com.br\/BLOG\/wp-json\/wp\/v2\/pages\/3776","targetHints":{"allow":["GET"]}}],"collection":[{"href":"https:\/\/cursoderunas.com.br\/BLOG\/wp-json\/wp\/v2\/pages"}],"about":[{"href":"https:\/\/cursoderunas.com.br\/BLOG\/wp-json\/wp\/v2\/types\/page"}],"author":[{"embeddable":true,"href":"https:\/\/cursoderunas.com.br\/BLOG\/wp-json\/wp\/v2\/users\/1"}],"replies":[{"embeddable":true,"href":"https:\/\/cursoderunas.com.br\/BLOG\/wp-json\/wp\/v2\/comments?post=3776"}],"version-history":[{"count":16,"href":"https:\/\/cursoderunas.com.br\/BLOG\/wp-json\/wp\/v2\/pages\/3776\/revisions"}],"predecessor-version":[{"id":3835,"href":"https:\/\/cursoderunas.com.br\/BLOG\/wp-json\/wp\/v2\/pages\/3776\/revisions\/3835"}],"wp:attachment":[{"href":"https:\/\/cursoderunas.com.br\/BLOG\/wp-json\/wp\/v2\/media?parent=3776"}],"curies":[{"name":"wp","href":"https:\/\/api.w.org\/{rel}","templated":true}]}}